{"id":5030,"date":"2025-09-12T10:02:34","date_gmt":"2025-09-12T10:02:34","guid":{"rendered":"https:\/\/hotelgiotto.com\/?page_id=5030"},"modified":"2025-09-22T07:44:22","modified_gmt":"2025-09-22T07:44:22","slug":"combien-de-temps-faut-il-pour-visiter-padoue","status":"publish","type":"page","link":"https:\/\/hotelgiotto.com\/fr\/combien-de-temps-faut-il-pour-visiter-padoue\/","title":{"rendered":"Combien de temps faut-il pour visiter Padoue?"},"content":{"rendered":"\n<h2 class=\"wp-block-heading\">Si vous vous demandez&nbsp;<strong>combien de temps faut-il pour visiter Padoue<\/strong>, vous \u00eates probablement en train d\u2019organiser un voyage en V\u00e9n\u00e9tie, avec des arr\u00eats \u00e0 Venise, V\u00e9rone ou Vicence.<\/h2>\n\n\n\n<p>La bonne nouvelle: Padoue est une ville \u00e0 taille humaine, agr\u00e9able \u00e0 d\u00e9couvrir \u00e0 pied et bien desservie. En\u00a0<strong>24 \u00e0 48 heures<\/strong>, il est possible de visiter les principaux sites d\u2019int\u00e9r\u00eat \u2013 m\u00eame si la richesse artistique et culturelle de la ville justifie largement un s\u00e9jour plus long.<\/p>\n\n\n\n<h2 class=\"wp-block-heading\">Visiter Padoue en une journ\u00e9e<\/h2>\n\n\n\n<p>Si vous ne disposez que d\u2019un jour, voici les \u00e9tapes incontournables :<\/p>\n\n\n\n<ul class=\"wp-block-list\">\n<li>La&nbsp;<strong><a href=\"https:\/\/hotelgiotto.com\/fr\/chapelle-des-scrovegni\/\" data-type=\"page\" data-id=\"3951\">Chapelle des Scrovegni<\/a><\/strong>, chef-d\u2019\u0153uvre de Giotto (r\u00e9servation obligatoire)<\/li>\n\n\n\n<li>La&nbsp;<strong><a href=\"https:\/\/hotelgiotto.com\/fr\/basilique-saint-antoine\/\" data-type=\"page\" data-id=\"3668\">Basilique Saint-Antoine<\/a><\/strong>, lieu de p\u00e8lerinage et de spiritualit\u00e9<\/li>\n\n\n\n<li>Le&nbsp;<strong>Prato della Valle<\/strong>, l\u2019une des plus grandes places d\u2019Europe<\/li>\n\n\n\n<li>Une promenade dans les&nbsp;<strong>places historiques<\/strong>&nbsp;: Piazza delle Erbe, Piazza della Frutta, Palazzo della Ragione<\/li>\n<\/ul>\n\n\n\n<p>Avec un bon itin\u00e9raire, vous pouvez explorer tout cela en&nbsp;<strong>6 \u00e0 8 heures<\/strong>.<\/p>\n\n\n\n<h2 class=\"wp-block-heading\">Deux jours \u00e0 Padoue : le rythme id\u00e9al<\/h2>\n\n\n\n<p>Un&nbsp;<strong>week-end \u00e0 Padoue<\/strong>&nbsp;est la solution parfaite pour combiner culture, d\u00e9tente et d\u00e9couvertes culinaires. En 48 heures, vous pouvez :<\/p>\n\n\n\n<ul class=\"wp-block-list\">\n<li>Visiter en d\u00e9tail la&nbsp;<strong><a href=\"https:\/\/hotelgiotto.com\/fr\/chapelle-des-scrovegni\/\" data-type=\"page\" data-id=\"3951\">Chapelle des Scrovegni<\/a><\/strong>et les&nbsp;<strong>Mus\u00e9es des \u00c9r\u00e9mitiques<\/strong><\/li>\n\n\n\n<li>D\u00e9couvrir le&nbsp;<strong><a href=\"https:\/\/hotelgiotto.com\/fr\/jardin-botanique-de-padoue-voyage-dans-histoire-et-nature\/\" data-type=\"page\" data-id=\"3632\">Jardin botanique de l\u2019Universit\u00e9<\/a><\/strong>, class\u00e9 au patrimoine mondial de l\u2019UNESCO<\/li>\n\n\n\n<li>Assister \u00e0 une messe ou visiter les clo\u00eetres de la&nbsp;<strong><strong><strong><a href=\"https:\/\/hotelgiotto.com\/fr\/basilique-saint-antoine\/\" data-type=\"page\" data-id=\"3668\">Basilique Saint-Antoine<\/a><\/strong><\/strong><\/strong><\/li>\n\n\n\n<li>D\u00e9guster des sp\u00e9cialit\u00e9s locales au&nbsp;<strong>Salone<\/strong>&nbsp;ou dans les osterie typiques<\/li>\n\n\n\n<li>Explorer les expositions du&nbsp;<strong><a href=\"https:\/\/hotelgiotto.com\/fr\/palazzo-zabarella-padova\/\" data-type=\"page\" data-id=\"4247\">Palazzo Zabarella<\/a><\/strong><\/li>\n\n\n\n<li>Terminer la journ\u00e9e avec un ap\u00e9ritif sur l\u2019une des places anim\u00e9es<\/li>\n<\/ul>\n\n\n\n<p>En deux jours, Padoue r\u00e9v\u00e8le toute son authenticit\u00e9 et son atmosph\u00e8re unique.<\/p>\n\n\n\n<h2 class=\"wp-block-heading\">Pourquoi rester plus longtemps ?<\/h2>\n\n\n\n<p>Si vous avez&nbsp;<strong>trois jours ou plus<\/strong>, vous pourrez enrichir votre programme avec :<\/p>\n\n\n\n<ul class=\"wp-block-list\">\n<li>Une visite du&nbsp;<strong><a href=\"https:\/\/hotelgiotto.com\/fr\/musme-le-musee-de-la-medecine-de-padoue\/\" data-type=\"page\" data-id=\"5046\">MUSME<\/a><\/strong>, mus\u00e9e interactif de l\u2019histoire de la m\u00e9decine<\/li>\n\n\n\n<li>Des excursions d\u2019une journ\u00e9e vers les&nbsp;<strong><a href=\"https:\/\/hotelgiotto.com\/fr\/les-villas-venitiennes-pres-de-padoue\/\" data-type=\"page\" data-id=\"5153\">villas v\u00e9nitiennes<\/a><\/strong>,&nbsp;<strong><strong><a href=\"https:\/\/www.abano.it\/\" data-type=\"link\" data-id=\"https:\/\/www.abano.it\/\" target=\"_blank\" rel=\"noreferrer noopener\">Abano Terme<\/a><\/strong><\/strong>&nbsp;ou&nbsp;<strong><strong><a href=\"http:\/\/Arqu\u00e0 Petrarca\" target=\"_blank\" rel=\"noreferrer noopener\">Arqu\u00e0 Petrarca<\/a><\/strong><\/strong><\/li>\n\n\n\n<li>Une balade sur les rives du&nbsp;<strong>canal Piovego<\/strong>&nbsp;ou une&nbsp;<strong>croisi\u00e8re jusqu\u2019\u00e0 Venise<\/strong><\/li>\n\n\n\n<li>Une visite guid\u00e9e du&nbsp;<strong>Palazzo del <strong><a href=\"https:\/\/hotelgiotto.com\/fr\/universite-de-padoue\/\" data-type=\"page\" data-id=\"3998\">Bo<\/a><\/strong><\/strong>, si\u00e8ge historique de l\u2019Universit\u00e9 de Padoue<\/li>\n<\/ul>\n\n\n\n<p>Un s\u00e9jour prolong\u00e9 permet \u00e9galement de profiter de&nbsp;<strong>l\u2019ambiance du soir \u00e0 Padoue<\/strong>, quand les places s\u2019illuminent et s\u2019animent.<\/p>\n\n\n\n<h2 class=\"wp-block-heading\">H\u00f4tel Giotto : votre point de d\u00e9part id\u00e9al<\/h2>\n\n\n\n<p>Situ\u00e9 \u00e0&nbsp;<strong>place Pontecorvo 33<\/strong>, l\u2019<strong><a href=\"https:\/\/hotelgiotto.com\/fr\/votre-hotel-au-centre-de-padoue\/\" data-type=\"page\" data-id=\"3701\">H\u00f4tel Giotto<\/a><\/strong>&nbsp;est \u00e0 deux pas de la basilique, du jardin botanique et du centre historique. C\u2019est l\u2019adresse id\u00e9ale, que vous restiez une nuit ou plusieurs :<\/p>\n\n\n\n<ul class=\"wp-block-list\">\n<li>Chambres modernes et confortables<\/li>\n\n\n\n<li><strong>Wi-Fi gratuit<\/strong>&nbsp;et&nbsp;<strong>parking priv\u00e9<\/strong><\/li>\n\n\n\n<li>Tout Padoue accessible \u00e0 pied<\/li>\n<\/ul>\n\n\n\n<h2 class=\"wp-block-heading\">Conclusion<\/h2>\n\n\n\n<p><strong>Combien de temps faut-il pour visiter Padoue ?<\/strong>&nbsp;Une journ\u00e9e suffit pour les incontournables. Deux jours offrent une d\u00e9couverte sereine. Trois jours ou plus permettent de vivre la ville dans ses moindres d\u00e9tails. Dans tous les cas, l\u2019<strong><strong><a href=\"https:\/\/hotelgiotto.com\/fr\/votre-hotel-au-centre-de-padoue\/\" data-type=\"page\" data-id=\"3701\">H\u00f4tel Giotto<\/a><\/strong><\/strong>&nbsp;est votre meilleur alli\u00e9.<\/p>\n","protected":false},"excerpt":{"rendered":"<p>Si vous vous demandez&nbsp;combien de temps faut-il pour visiter Padoue, vous \u00eates probablement en train d\u2019organiser un voyage en V\u00e9n\u00e9tie, avec des arr\u00eats \u00e0 Venise, V\u00e9rone ou Vicence. La bonne nouvelle: Padoue est une ville \u00e0 taille humaine, agr\u00e9able \u00e0 d\u00e9couvrir \u00e0 pied et bien desservie. En\u00a024 \u00e0 48 heures, il est possible de visiter [&hellip;]<\/p>\n","protected":false},"author":1,"featured_media":4928,"parent":0,"menu_order":0,"comment_status":"closed","ping_status":"closed","template":"","meta":{"_acf_changed":false,"footnotes":""},"class_list":["post-5030","page","type-page","status-publish","has-post-thumbnail","hentry"],"acf":[],"_links":{"self":[{"href":"https:\/\/hotelgiotto.com\/fr\/wp-json\/wp\/v2\/pages\/5030","targetHints":{"allow":["GET"]}}],"collection":[{"href":"https:\/\/hotelgiotto.com\/fr\/wp-json\/wp\/v2\/pages"}],"about":[{"href":"https:\/\/hotelgiotto.com\/fr\/wp-json\/wp\/v2\/types\/page"}],"author":[{"embeddable":true,"href":"https:\/\/hotelgiotto.com\/fr\/wp-json\/wp\/v2\/users\/1"}],"replies":[{"embeddable":true,"href":"https:\/\/hotelgiotto.com\/fr\/wp-json\/wp\/v2\/comments?post=5030"}],"version-history":[{"count":8,"href":"https:\/\/hotelgiotto.com\/fr\/wp-json\/wp\/v2\/pages\/5030\/revisions"}],"predecessor-version":[{"id":5251,"href":"https:\/\/hotelgiotto.com\/fr\/wp-json\/wp\/v2\/pages\/5030\/revisions\/5251"}],"wp:featuredmedia":[{"embeddable":true,"href":"https:\/\/hotelgiotto.com\/fr\/wp-json\/wp\/v2\/media\/4928"}],"wp:attachment":[{"href":"https:\/\/hotelgiotto.com\/fr\/wp-json\/wp\/v2\/media?parent=5030"}],"curies":[{"name":"wp","href":"https:\/\/api.w.org\/{rel}","templated":true}]}}