{"id":5046,"date":"2025-09-12T12:00:27","date_gmt":"2025-09-12T12:00:27","guid":{"rendered":"https:\/\/hotelgiotto.com\/?page_id=5046"},"modified":"2025-09-22T07:46:41","modified_gmt":"2025-09-22T07:46:41","slug":"musme-le-musee-de-la-medecine-de-padoue","status":"publish","type":"page","link":"https:\/\/hotelgiotto.com\/fr\/musme-le-musee-de-la-medecine-de-padoue\/","title":{"rendered":"MUSME le Mus\u00e9e de la M\u00e9decine de Padoue"},"content":{"rendered":"\n<p>Au c\u0153ur de Padoue, \u00e0 quelques minutes \u00e0 pied de l\u2019<strong><strong><a href=\"https:\/\/hotelgiotto.com\/fr\/meilleurs-hotels-a-padoue\/\" data-type=\"page\" data-id=\"4422\">Hotel Giotto<\/a><\/strong><\/strong>, se trouve l\u2019un des mus\u00e9es les plus surprenants de la ville: le\u00a0<strong><a href=\"https:\/\/www.musme.it\/\" data-type=\"link\" data-id=\"https:\/\/www.musme.it\/\" target=\"_blank\" rel=\"noreferrer noopener\">MUSME<\/a><\/strong> le Mus\u00e9e de la M\u00e9decine de Padoue ou\u00a0<em>Mus\u00e9e de l\u2019Histoire de la M\u00e9decine de Padoue<\/em>. Mais ne vous laissez pas tromper par le nom: ce mus\u00e9e ne s\u2019adresse pas uniquement aux passionn\u00e9s de science ou aux professionnels de la sant\u00e9. C\u2019est un espace dynamique, interactif et immersif, con\u00e7u pour captiver aussi bien les adultes que les enfants gr\u00e2ce \u00e0 des installations multim\u00e9dias modernes.<\/p>\n\n\n\n<p>Visiter le MUSME, c\u2019est entreprendre un voyage passionnant \u00e0 travers l\u2019histoire de la science et du corps humain. C\u2019est la destination id\u00e9ale pour ceux qui cherchent une exp\u00e9rience \u00e0 la fois \u00e9ducative et ludique, en toute saison \u2013 m\u00eame lorsque le temps ne permet pas de rester dehors.<\/p>\n\n\n\n<h2 class=\"wp-block-heading\">Qu\u2019est-ce qui rend le MUSME si sp\u00e9cial ?<\/h2>\n\n\n\n<p>Inaugur\u00e9 en 2015, le MUSME est install\u00e9 dans l\u2019ancien h\u00f4pital San Francesco Grande, un b\u00e2timent historique enti\u00e8rement restaur\u00e9, o\u00f9 pass\u00e9 et avenir se rencontrent. L\u2019agencement du mus\u00e9e stimule la curiosit\u00e9 gr\u00e2ce \u00e0 des dispositifs interactifs, des mod\u00e8les 3D, des quiz, des jeux et des mises en sc\u00e8ne immersives.<\/p>\n\n\n\n<p>Au rez-de-chauss\u00e9e, on retrace l\u2019histoire de la m\u00e9decine depuis l\u2019Antiquit\u00e9 jusqu\u2019aux d\u00e9couvertes modernes. \u00c0 l\u2019\u00e9tage, on entre litt\u00e9ralement dans le corps humain: c\u0153ur, poumons, cerveau et squelette deviennent les protagonistes d\u2019un parcours aussi captivant que p\u00e9dagogique.<\/p>\n\n\n\n<h2 class=\"wp-block-heading\">Parfait pour les enfants : apprendre en s\u2019amusant<\/h2>\n\n\n\n<p>Le MUSME est l\u2019un des rares mus\u00e9es en Italie v\u00e9ritablement con\u00e7u pour accueillir les plus jeunes. Les enfants peuvent toucher, manipuler, exp\u00e9rimenter. Chaque exposition est intuitive, accessible et adapt\u00e9e aux diff\u00e9rentes tranches d\u2019\u00e2ge.<\/p>\n\n\n\n<p>Le week-end, des ateliers th\u00e9matiques et des visites guid\u00e9es sont souvent organis\u00e9s. C\u2019est donc un excellent choix pour les familles qui souhaitent apprendre tout en s\u2019amusant. Le contact direct avec les contenus permet aux enfants de comprendre des concepts complexes de mani\u00e8re ludique.<\/p>\n\n\n\n<h2 class=\"wp-block-heading\">Padoue : une ville de m\u00e9decine<\/h2>\n\n\n\n<p>Visiter le MUSME, c\u2019est aussi d\u00e9couvrir le r\u00f4le fondamental que Padoue a jou\u00e9 dans l\u2019histoire de la m\u00e9decine. L\u2019Universit\u00e9 de Padoue, fond\u00e9e en 1222, est l\u2019une des plus anciennes d\u2019Europe et un centre de r\u00e9f\u00e9rence mondial dans la recherche m\u00e9dicale.<\/p>\n\n\n\n<p>Le mus\u00e9e rend hommage \u00e0 des figures historiques telles qu\u2019Andr\u00e9 V\u00e9sale, p\u00e8re de l\u2019anatomie moderne, et Galil\u00e9e, qui enseigna \u00e0 Padoue pendant 18 ans. Cet h\u00e9ritage scientifique est racont\u00e9 ici avec un langage moderne et accessible \u00e0 tous.<\/p>\n\n\n\n<h2 class=\"wp-block-heading\">Informations utiles<\/h2>\n\n\n\n<ul class=\"wp-block-list\">\n<li><strong>Adresse<\/strong>&nbsp;: Via San Francesco, 94 \u2013 \u00e0 500 m\u00e8tres de l\u2019H\u00f4tel Giotto<\/li>\n\n\n\n<li><strong>Horaires<\/strong>&nbsp;: ouvert du mardi au dimanche<\/li>\n\n\n\n<li><strong>Tarifs<\/strong>&nbsp;: r\u00e9ductions pour familles, enfants, \u00e9tudiants et groupes<\/li>\n\n\n\n<li><strong>Dur\u00e9e conseill\u00e9e de la visite<\/strong>&nbsp;: environ 1h30 \u00e0 2h<\/li>\n\n\n\n<li><strong>Accessibilit\u00e9<\/strong>&nbsp;: adapt\u00e9 aux poussettes et fauteuils roulants<\/li>\n<\/ul>\n\n\n\n<h2 class=\"wp-block-heading\">Pourquoi s\u00e9journer \u00e0 l\u2019H\u00f4tel Giotto pour visiter le MUSME<\/h2>\n\n\n\n<p>L\u2019<strong><a href=\"https:\/\/hotelgiotto.com\/fr\/votre-hotel-au-centre-de-padoue\/\" data-type=\"page\" data-id=\"3701\">H\u00f4tel Giotto<\/a><\/strong>&nbsp;est le point de d\u00e9part id\u00e9al pour visiter le MUSME et d\u00e9couvrir le centre historique de Padoue. Situ\u00e9&nbsp;<strong>Piazza Pontecorvo 33<\/strong>, il propose des chambres modernes et confortables, le Wi-Fi gratuit, la climatisation et un parking priv\u00e9 (sur demande).<\/p>\n\n\n\n<p>Gr\u00e2ce \u00e0 son emplacement strat\u00e9gique, le mus\u00e9e est accessible \u00e0 pied en quelques minutes. Vous pourrez ensuite prolonger votre visite par la <a href=\"https:\/\/hotelgiotto.com\/fr\/basilique-saint-antoine\/\" data-type=\"page\" data-id=\"3668\">Basilique Saint-Antoine<\/a>, le <a href=\"https:\/\/hotelgiotto.com\/fr\/jardin-botanique-de-padoue-voyage-dans-histoire-et-nature\/\" data-type=\"page\" data-id=\"3632\">Jardin botanique<\/a> ou la <a href=\"https:\/\/hotelgiotto.com\/fr\/place-prato-della-valle-lune-des-plus-grandes-places-deurope\/\" data-type=\"page\" data-id=\"3679\">Prato della Valle<\/a>.<\/p>\n\n\n\n<p>D\u00e9couvrez Padoue \u00e0 travers la science, l\u2019histoire et la curiosit\u00e9. Le MUSME vous attend !<\/p>\n\n\n\n<p><\/p>\n","protected":false},"excerpt":{"rendered":"<p>Au c\u0153ur de Padoue, \u00e0 quelques minutes \u00e0 pied de l\u2019Hotel Giotto, se trouve l\u2019un des mus\u00e9es les plus surprenants de la ville: le\u00a0MUSME le Mus\u00e9e de la M\u00e9decine de Padoue ou\u00a0Mus\u00e9e de l\u2019Histoire de la M\u00e9decine de Padoue. Mais ne vous laissez pas tromper par le nom: ce mus\u00e9e ne s\u2019adresse pas uniquement aux [&hellip;]<\/p>\n","protected":false},"author":1,"featured_media":4938,"parent":0,"menu_order":0,"comment_status":"closed","ping_status":"closed","template":"","meta":{"_acf_changed":false,"footnotes":""},"class_list":["post-5046","page","type-page","status-publish","has-post-thumbnail","hentry"],"acf":[],"_links":{"self":[{"href":"https:\/\/hotelgiotto.com\/fr\/wp-json\/wp\/v2\/pages\/5046","targetHints":{"allow":["GET"]}}],"collection":[{"href":"https:\/\/hotelgiotto.com\/fr\/wp-json\/wp\/v2\/pages"}],"about":[{"href":"https:\/\/hotelgiotto.com\/fr\/wp-json\/wp\/v2\/types\/page"}],"author":[{"embeddable":true,"href":"https:\/\/hotelgiotto.com\/fr\/wp-json\/wp\/v2\/users\/1"}],"replies":[{"embeddable":true,"href":"https:\/\/hotelgiotto.com\/fr\/wp-json\/wp\/v2\/comments?post=5046"}],"version-history":[{"count":9,"href":"https:\/\/hotelgiotto.com\/fr\/wp-json\/wp\/v2\/pages\/5046\/revisions"}],"predecessor-version":[{"id":5256,"href":"https:\/\/hotelgiotto.com\/fr\/wp-json\/wp\/v2\/pages\/5046\/revisions\/5256"}],"wp:featuredmedia":[{"embeddable":true,"href":"https:\/\/hotelgiotto.com\/fr\/wp-json\/wp\/v2\/media\/4938"}],"wp:attachment":[{"href":"https:\/\/hotelgiotto.com\/fr\/wp-json\/wp\/v2\/media?parent=5046"}],"curies":[{"name":"wp","href":"https:\/\/api.w.org\/{rel}","templated":true}]}}