{"id":5081,"date":"2025-09-12T13:23:18","date_gmt":"2025-09-12T13:23:18","guid":{"rendered":"https:\/\/hotelgiotto.com\/?page_id=5081"},"modified":"2025-09-22T07:51:05","modified_gmt":"2025-09-22T07:51:05","slug":"que-voir-a-padoue-le-soir","status":"publish","type":"page","link":"https:\/\/hotelgiotto.com\/fr\/que-voir-a-padoue-le-soir\/","title":{"rendered":"Que voir \u00e0 Padoue le soir: lieux et ambiances \u00e0 ne pas manquer"},"content":{"rendered":"\n<p>Quand le soleil se couche et que les lumi\u00e8res commencent \u00e0 se refl\u00e9ter sur les pav\u00e9s des places historiques, Padoue d\u00e9voile une facette fascinante et pleine d\u2019atmosph\u00e8re. Si vous vous demandez\u00a0<strong>que voir \u00e0 Padoue le soir<\/strong>, sachez que la ville ne dort jamais vraiment: monuments illumin\u00e9s, lieux chaleureux, \u00e9v\u00e9nements culturels et coins romantiques vous attendent \u00e0 chaque coin de rue.<\/p>\n\n\n\n<h3 class=\"wp-block-heading\">Monuments illumin\u00e9s : charme sous les \u00e9toiles<\/h3>\n\n\n\n<p>Une des exp\u00e9riences les plus envo\u00fbtantes \u00e0 vivre \u00e0 Padoue est d\u2019admirer ses&nbsp;<strong>monuments historiques \u00e9clair\u00e9s<\/strong>. Depuis l\u2019H\u00f4tel Giotto, vous pouvez rejoindre \u00e0 pied en quelques minutes :<\/p>\n\n\n\n<ul class=\"wp-block-list\">\n<li><strong>La <a href=\"https:\/\/hotelgiotto.com\/fr\/basilique-saint-antoine\/\" data-type=\"page\" data-id=\"3668\">Basilique de Saint-Antoine<\/a><\/strong>, qui prend une aura presque mystique le soir gr\u00e2ce \u00e0 son \u00e9clairage tamis\u00e9.<\/li>\n\n\n\n<li><strong><a href=\"https:\/\/hotelgiotto.com\/fr\/place-prato-della-valle-lune-des-plus-grandes-places-deurope\/\" data-type=\"page\" data-id=\"3679\">Prato della Valle<\/a><\/strong>, la plus grande place elliptique d\u2019Italie, o\u00f9 les statues et le canal central refl\u00e8tent les lumi\u00e8res nocturnes dans une ambiance f\u00e9erique.<\/li>\n\n\n\n<li><strong><a href=\"https:\/\/hotelgiotto.com\/fr\/palais-de-la-raison-un-tresor-historique-de-padoue\/\" data-type=\"page\" data-id=\"3658\">Le Palais de la Raison<\/a><\/strong>, entre la Piazza delle Erbe et la Piazza della Frutta, encore plus majestueux sous les lumi\u00e8res du soir.<\/li>\n<\/ul>\n\n\n\n<p>Ces lieux offrent des d\u00e9cors parfaits pour une promenade paisible ou quelques photos \u00e0 partager.<\/p>\n\n\n\n<h3 class=\"wp-block-heading\">Places et lieux anim\u00e9s : la vie nocturne des Padouans<\/h3>\n\n\n\n<p>Apr\u00e8s le coucher du soleil, les&nbsp;<strong>places du centre historique<\/strong>&nbsp;s\u2019animent. La Piazza delle Erbe et la Piazza dei Signori deviennent le c\u0153ur battant de la vie nocturne padouane, o\u00f9 \u00e9tudiants, touristes et habitants se retrouvent pour un ap\u00e9ritif, un d\u00eener ou un verre en soir\u00e9e.<\/p>\n\n\n\n<ul class=\"wp-block-list\">\n<li>Le c\u00e9l\u00e8bre&nbsp;<strong><a href=\"https:\/\/www.caffepedrocchi.it\/en\/\" data-type=\"link\" data-id=\"https:\/\/www.caffepedrocchi.it\/en\/\" target=\"_blank\" rel=\"noopener\">Caff\u00e8 Pedrocchi<\/a><\/strong>, ouvert tard et parfait pour un caf\u00e9 ou un cocktail dans un cadre historique.<\/li>\n\n\n\n<li>Les nombreux bars et osterias autour de&nbsp;<strong>la Via Roma<\/strong>&nbsp;et&nbsp;<strong>la Via Umberto I<\/strong>, id\u00e9aux pour savourer des plats v\u00e9nitiens typiques entre amis.<\/li>\n<\/ul>\n\n\n\n<p>Le soir, Padoue d\u00e9voile son c\u00f4t\u00e9 jeune et dynamique, tout en restant \u00e9l\u00e9gante et accueillante.<\/p>\n\n\n\n<h3 class=\"wp-block-heading\">Ambiances romantiques : Padoue \u00e0 deux<\/h3>\n\n\n\n<p>Padoue est \u00e9galement parfaite pour une&nbsp;<strong>balade romantique en soir\u00e9e<\/strong>. Du Ponte Molino jusqu\u2019au Ghetto juif, chaque recoin r\u00e9v\u00e8le des d\u00e9tails architecturaux, des lumi\u00e8res douces et un silence pr\u00e9cieux. M\u00eame une simple promenade le long des remparts m\u00e9di\u00e9vaux ou sous les arcades de la Via del Santo peut devenir un moment unique.<\/p>\n\n\n\n<p>Si vous voyagez en couple, nous vous conseillons de terminer la soir\u00e9e par un&nbsp;<strong>d\u00eener en terrasse avec vue sur le centre historique<\/strong>&nbsp;: une fa\u00e7on parfaite de conclure la journ\u00e9e.<\/p>\n\n\n\n<h3 class=\"wp-block-heading\">\u00c9v\u00e9nements et spectacles en soir\u00e9e<\/h3>\n\n\n\n<p>Tout au long de l\u2019ann\u00e9e, Padoue propose une riche programmation nocturne :<\/p>\n\n\n\n<ul class=\"wp-block-list\">\n<li><strong>Concerts et spectacles<\/strong>&nbsp;au Teatro Verdi ou au Gran Teatro Geox.<\/li>\n\n\n\n<li><strong>Cin\u00e9ma en plein air<\/strong>&nbsp;durant les mois d\u2019\u00e9t\u00e9.<\/li>\n\n\n\n<li><strong>Expositions en soir\u00e9e<\/strong>&nbsp;dans des palais historiques comme le Palais Zabarella, parfois ouverts jusqu\u2019\u00e0 tard.<\/li>\n<\/ul>\n\n\n\n<p>Il est recommand\u00e9 de consulter le calendrier des \u00e9v\u00e9nements pour savoir ce qui est pr\u00e9vu lors de votre s\u00e9jour.<\/p>\n\n\n\n<h3 class=\"wp-block-heading\">H\u00f4tel Giotto : votre base du soir en ville<\/h3>\n\n\n\n<p>Situ\u00e9&nbsp;<strong>Piazza Pontecorvo 33<\/strong>, \u00e0 quelques minutes de la Basilique de Saint-Antoine, l\u2019<strong><a href=\"https:\/\/hotelgiotto.com\/fr\/votre-hotel-au-centre-de-padoue\/\" data-type=\"page\" data-id=\"3701\">H\u00f4tel Giotto<\/a><\/strong>&nbsp;vous permet de profiter de Padoue apr\u00e8s le coucher du soleil sans avoir besoin de taxi ou de transport. Vous pouvez tout faire \u00e0 pied et rentrer facilement apr\u00e8s une soir\u00e9e riche en lumi\u00e8res, saveurs et culture.<\/p>\n\n\n\n<ul class=\"wp-block-list\">\n<li><strong>Emplacement central<\/strong>, parfait pour explorer la ville m\u00eame le soir.<\/li>\n\n\n\n<li><strong>Chambres confortables et silencieuses<\/strong>, id\u00e9ales pour se reposer apr\u00e8s une journ\u00e9e intense.<\/li>\n\n\n\n<li><strong>Parking priv\u00e9 disponible<\/strong>, pratique pour ceux qui voyagent en voiture.<\/li>\n<\/ul>\n\n\n\n<h3 class=\"wp-block-heading\">Conclusion<\/h3>\n\n\n\n<p>Si vous vous demandez&nbsp;<strong>que voir \u00e0 Padoue le soir<\/strong>, la r\u00e9ponse est simple : beaucoup de choses. Des places anim\u00e9es aux monuments \u00e9clair\u00e9s, de la culture du soir \u00e0 la gastronomie locale, chaque soir\u00e9e peut \u00eatre diff\u00e9rente et sp\u00e9ciale. Et en s\u00e9journant \u00e0 l\u2019H\u00f4tel Giotto, tout cela est \u00e0 port\u00e9e de marche.<\/p>\n","protected":false},"excerpt":{"rendered":"<p>Quand le soleil se couche et que les lumi\u00e8res commencent \u00e0 se refl\u00e9ter sur les pav\u00e9s des places historiques, Padoue d\u00e9voile une facette fascinante et pleine d\u2019atmosph\u00e8re. Si vous vous demandez\u00a0que voir \u00e0 Padoue le soir, sachez que la ville ne dort jamais vraiment: monuments illumin\u00e9s, lieux chaleureux, \u00e9v\u00e9nements culturels et coins romantiques vous attendent [&hellip;]<\/p>\n","protected":false},"author":1,"featured_media":4961,"parent":0,"menu_order":0,"comment_status":"closed","ping_status":"closed","template":"","meta":{"_acf_changed":false,"footnotes":""},"class_list":["post-5081","page","type-page","status-publish","has-post-thumbnail","hentry"],"acf":[],"_links":{"self":[{"href":"https:\/\/hotelgiotto.com\/fr\/wp-json\/wp\/v2\/pages\/5081","targetHints":{"allow":["GET"]}}],"collection":[{"href":"https:\/\/hotelgiotto.com\/fr\/wp-json\/wp\/v2\/pages"}],"about":[{"href":"https:\/\/hotelgiotto.com\/fr\/wp-json\/wp\/v2\/types\/page"}],"author":[{"embeddable":true,"href":"https:\/\/hotelgiotto.com\/fr\/wp-json\/wp\/v2\/users\/1"}],"replies":[{"embeddable":true,"href":"https:\/\/hotelgiotto.com\/fr\/wp-json\/wp\/v2\/comments?post=5081"}],"version-history":[{"count":5,"href":"https:\/\/hotelgiotto.com\/fr\/wp-json\/wp\/v2\/pages\/5081\/revisions"}],"predecessor-version":[{"id":5260,"href":"https:\/\/hotelgiotto.com\/fr\/wp-json\/wp\/v2\/pages\/5081\/revisions\/5260"}],"wp:featuredmedia":[{"embeddable":true,"href":"https:\/\/hotelgiotto.com\/fr\/wp-json\/wp\/v2\/media\/4961"}],"wp:attachment":[{"href":"https:\/\/hotelgiotto.com\/fr\/wp-json\/wp\/v2\/media?parent=5081"}],"curies":[{"name":"wp","href":"https:\/\/api.w.org\/{rel}","templated":true}]}}