{"id":5105,"date":"2025-09-15T07:38:41","date_gmt":"2025-09-15T07:38:41","guid":{"rendered":"https:\/\/hotelgiotto.com\/?page_id=5105"},"modified":"2025-09-22T07:53:36","modified_gmt":"2025-09-22T07:53:36","slug":"que-manger-et-boire-a-padoue","status":"publish","type":"page","link":"https:\/\/hotelgiotto.com\/fr\/que-manger-et-boire-a-padoue\/","title":{"rendered":"Que manger et boire \u00e0 Padoue?"},"content":{"rendered":"\n<p>Visiter Padoue, c&rsquo;est bien plus qu&rsquo;admirer son art, son histoire et son architecture: c&rsquo;est aussi s&rsquo;asseoir \u00e0 table et d\u00e9couvrir une tradition \u0153nogastronomique riche, authentique et profond\u00e9ment enracin\u00e9e dans son terroir. Des plats paysans aux sp\u00e9cialit\u00e9s aristocratiques, des vins des Collines Eugan\u00e9ennes aux liqueurs artisanales, la cuisine padouane est un v\u00e9ritable voyage au c\u0153ur des saveurs de la vraie Italie. Chaque saison offre des produits diff\u00e9rents et des recettes li\u00e9es \u00e0 la culture locale, proposant ainsi une exp\u00e9rience culinaire sans cesse renouvel\u00e9e. D\u00e9couvrez avec notre guide ce qu&rsquo;il faut manger et boire \u00e0 Padoue.<\/p>\n\n\n\n<h3 class=\"wp-block-heading\">Plats typiques de Padoue \u00e0 go\u00fbter absolument<\/h3>\n\n\n\n<p>La cuisine de Padoue est caract\u00e9ris\u00e9e par des saveurs intenses et des plats copieux, souvent li\u00e9s \u00e0 la tradition paysanne et aux produits de saison. Voici quelques sp\u00e9cialit\u00e9s incontournables:<\/p>\n\n\n\n<ul class=\"wp-block-list\">\n<li><strong><strong><a href=\"https:\/\/ricettevenete.it\/bigoli-in-salsa-ricetta\/\" data-type=\"link\" data-id=\"https:\/\/ricettevenete.it\/bigoli-in-salsa-ricetta\/\" target=\"_blank\" rel=\"noreferrer noopener\">Bigoli in salsa<\/a><\/strong><\/strong><br>Spaghettis \u00e9pais \u00e0 la farine compl\u00e8te, accompagn\u00e9s d\u2019oignons et d\u2019anchois. Tr\u00e8s populaires pendant le Car\u00eame, ils repr\u00e9sentent la simplicit\u00e9 savoureuse de la V\u00e9n\u00e9tie.<\/li>\n\n\n\n<li><strong>Risotto aux \u201crovinassi\u201d<\/strong><br>Avec des abats de poulet, oignons et bouillon. Un plat humble et savoureux, pour ceux qui aiment les saveurs authentiques.<\/li>\n\n\n\n<li><strong>Poissons de rivi\u00e8re frits<\/strong><br>Anguille, tanche ou ablette, frits et servis avec de la polenta grill\u00e9e. H\u00e9ritage de la tradition fluviale locale.<\/li>\n\n\n\n<li><strong>Oca in onto (oie confite dans sa graisse)<\/strong><br>Cuisson lente et conservation dans sa propre graisse. Plat typique des f\u00eates rurales.<\/li>\n\n\n\n<li><strong>Pasta e fasoi (p\u00e2tes aux haricots)<\/strong><br>Plat classique v\u00e9nitien : p\u00e2tes maison avec haricots locaux, lard et romarin. Nourrissant et savoureux.<\/li>\n\n\n\n<li><strong><a href=\"https:\/\/ricettevenete.it\/gallina-padovana-ricetta\/\" data-type=\"link\" data-id=\"https:\/\/ricettevenete.it\/gallina-padovana-ricetta\/\" target=\"_blank\" rel=\"noopener\">Poule padouane<\/a><\/strong><br>Race locale prot\u00e9g\u00e9e par Slow Food, \u00e0 la cr\u00eate touffue. Servie en bouillon ou r\u00f4tie pour mettre en valeur la d\u00e9licatesse de sa viande.<\/li>\n<\/ul>\n\n\n\n<h3 class=\"wp-block-heading\">Desserts traditionnels padouans<\/h3>\n\n\n\n<p>\u00c0 la fin d\u2019un repas \u00e0 Padoue, un dessert s\u2019impose. Ces douceurs ont des racines religieuses et populaires:<\/p>\n\n\n\n<ul class=\"wp-block-list\">\n<li><strong>Fugassa veneta<\/strong><br>Similaire au panettone ou \u00e0 la colomba, typique de P\u00e2ques. Moelleuse, avec fruits confits et gla\u00e7age croquant aux amandes.<\/li>\n\n\n\n<li><strong>Dolce del Santo<\/strong><br>G\u00e2teau embl\u00e9matique de la ville d\u00e9di\u00e9 \u00e0 saint Antoine. Avec fruits secs, miel et \u00e9pices. \u00c0 d\u00e9guster avec un vin passito ou recioto.<\/li>\n<\/ul>\n\n\n\n<h3 class=\"wp-block-heading\">Que boire \u00e0 Padoue : vins et plus encore<\/h3>\n\n\n\n<p>Padoue offre aussi d\u2019excellents vins et liqueurs typiques. Les Colli Euganei produisent des \u00e9tiquettes de qualit\u00e9:<\/p>\n\n\n\n<ul class=\"wp-block-list\">\n<li><strong>Serprino des Colli Euganei<\/strong><br>Vin blanc mousseux, frais et aromatique. Parfait pour l\u2019ap\u00e9ritif.<\/li>\n\n\n\n<li><strong>Fior d\u2019Arancio DOCG<\/strong><br>Doux, parfum\u00e9 et intense. Issu de muscat jaune. Id\u00e9al avec les desserts.<\/li>\n\n\n\n<li><strong>Raboso del Piave<\/strong><br>Vin rouge cors\u00e9 et tannique, au go\u00fbt prononc\u00e9. Parfait avec viandes r\u00f4ties et fromages affin\u00e9s.<\/li>\n\n\n\n<li><strong>Spritz au Select<\/strong><br>Version padouane du classique ap\u00e9ritif v\u00e9nitien. Le Select remplace l\u2019Aperol : plus amer, plus authentique.<\/li>\n\n\n\n<li><strong>Amers et grappas artisanales<\/strong><br>Padoue a une longue tradition de distillation. De petites distilleries produisent des liqueurs aux herbes alpines et racines locales.<\/li>\n<\/ul>\n\n\n\n<h3 class=\"wp-block-heading\">O\u00f9 savourer la vraie cuisine padouane<\/h3>\n\n\n\n<p>Vous voulez manger comme un local ? Voici quelques adresses authentiques \u00e0 ne pas manquer:<\/p>\n\n\n\n<ul class=\"wp-block-list\">\n<li><strong>Trattoria al Fungo<\/strong><br>Ambiance familiale et plats faits maison.<\/li>\n\n\n\n<li><strong>Osteria dei Fabbri<\/strong><br>En plein centre-ville, sp\u00e9cialit\u00e9s classiques et bonne s\u00e9lection de vins.<\/li>\n\n\n\n<li><strong>Enoteca da Severino<\/strong><br>Parfaite pour une d\u00e9gustation de vins avec charcuterie et fromages locaux.<\/li>\n\n\n\n<li><strong>Pasticceria Racca<\/strong><br>Institution pour les douceurs et les pauses caf\u00e9 au c\u0153ur de Padoue.<\/li>\n<\/ul>\n\n\n\n<h3 class=\"wp-block-heading\">Hotel Giotto : votre point de d\u00e9part pour d\u00e9couvrir les saveurs de Padoue<\/h3>\n\n\n\n<ul class=\"wp-block-list\">\n<li>Chambres avec Wi-Fi et climatisation<\/li>\n\n\n\n<li>Parking priv\u00e9 disponible<\/li>\n\n\n\n<li>\u00c0 deux pas des meilleurs lieux gastronomiques de la ville<\/li>\n<\/ul>\n\n\n\n<p>D\u00e9couvrez le visage le plus authentique de Padoue\u2026 \u00e0 travers ses saveurs ! Laissez-vous guider par le go\u00fbt local.<\/p>\n\n\n\n<p><strong>\ud83d\udc49 R\u00e9servez maintenant votre s\u00e9jour \u00e0 l\u2019<a href=\"https:\/\/hotelgiotto.com\/fr\/\">Hotel Giotto<\/a> Padoue&nbsp;et savourez la vraie essence de la ville.<\/strong><\/p>\n\n\n\n<p><\/p>\n","protected":false},"excerpt":{"rendered":"<p>Visiter Padoue, c&rsquo;est bien plus qu&rsquo;admirer son art, son histoire et son architecture: c&rsquo;est aussi s&rsquo;asseoir \u00e0 table et d\u00e9couvrir une tradition \u0153nogastronomique riche, authentique et profond\u00e9ment enracin\u00e9e dans son terroir. Des plats paysans aux sp\u00e9cialit\u00e9s aristocratiques, des vins des Collines Eugan\u00e9ennes aux liqueurs artisanales, la cuisine padouane est un v\u00e9ritable voyage au c\u0153ur des [&hellip;]<\/p>\n","protected":false},"author":1,"featured_media":4981,"parent":0,"menu_order":0,"comment_status":"closed","ping_status":"closed","template":"","meta":{"_acf_changed":false,"footnotes":""},"class_list":["post-5105","page","type-page","status-publish","has-post-thumbnail","hentry"],"acf":[],"_links":{"self":[{"href":"https:\/\/hotelgiotto.com\/fr\/wp-json\/wp\/v2\/pages\/5105","targetHints":{"allow":["GET"]}}],"collection":[{"href":"https:\/\/hotelgiotto.com\/fr\/wp-json\/wp\/v2\/pages"}],"about":[{"href":"https:\/\/hotelgiotto.com\/fr\/wp-json\/wp\/v2\/types\/page"}],"author":[{"embeddable":true,"href":"https:\/\/hotelgiotto.com\/fr\/wp-json\/wp\/v2\/users\/1"}],"replies":[{"embeddable":true,"href":"https:\/\/hotelgiotto.com\/fr\/wp-json\/wp\/v2\/comments?post=5105"}],"version-history":[{"count":6,"href":"https:\/\/hotelgiotto.com\/fr\/wp-json\/wp\/v2\/pages\/5105\/revisions"}],"predecessor-version":[{"id":5266,"href":"https:\/\/hotelgiotto.com\/fr\/wp-json\/wp\/v2\/pages\/5105\/revisions\/5266"}],"wp:featuredmedia":[{"embeddable":true,"href":"https:\/\/hotelgiotto.com\/fr\/wp-json\/wp\/v2\/media\/4981"}],"wp:attachment":[{"href":"https:\/\/hotelgiotto.com\/fr\/wp-json\/wp\/v2\/media?parent=5105"}],"curies":[{"name":"wp","href":"https:\/\/api.w.org\/{rel}","templated":true}]}}