{"id":5141,"date":"2025-09-15T09:22:34","date_gmt":"2025-09-15T09:22:34","guid":{"rendered":"https:\/\/hotelgiotto.com\/?page_id=5141"},"modified":"2025-09-22T07:56:15","modified_gmt":"2025-09-22T07:56:15","slug":"le-marche-couvert-de-padoue-le-salone","status":"publish","type":"page","link":"https:\/\/hotelgiotto.com\/fr\/le-marche-couvert-de-padoue-le-salone\/","title":{"rendered":"Le march\u00e9 couvert de Padoue: Le Salone entre saveurs et tradition"},"content":{"rendered":"\n<p>Au c\u0153ur de Padoue, entre la Piazza delle Erbe et la Piazza della Frutta, se dresse l\u2019un des symboles les plus authentiques de la ville:\u00a0<strong>le Salone<\/strong>, le grand march\u00e9 couvert de Padoue couvert qui anime la vie quotidienne des Padouans depuis des si\u00e8cles. Pour les h\u00f4tes de l\u2019<strong>H\u00f4tel Giotto<\/strong>, la visite de ce lieu est une exp\u00e9rience incontournable m\u00ealant histoire, architecture et gastronomie.<\/p>\n\n\n\n<h2 class=\"wp-block-heading\">Le Salone : une structure historique unique en Europe<\/h2>\n\n\n\n<p>Le&nbsp;<strong><a href=\"https:\/\/hotelgiotto.com\/fr\/palais-de-la-raison-un-tresor-historique-de-padoue\/\" data-type=\"page\" data-id=\"3658\">Palazzo della Ragione<\/a><\/strong>, surnomm\u00e9 affectueusement \u00ab le Salone \u00bb, est l\u2019un des \u00e9difices m\u00e9di\u00e9vaux les plus impressionnants d\u2019Europe. Construit en 1218 pour accueillir le tribunal de la ville, il abrite une immense salle au plafond en bois en forme de coque de navire renvers\u00e9e.<\/p>\n\n\n\n<p>Mais ce qui le rend vraiment sp\u00e9cial, c\u2019est ce qu\u2019on trouve au&nbsp;<strong>rez-de-chauss\u00e9e<\/strong>&nbsp;: un march\u00e9 couvert encore en activit\u00e9 o\u00f9 r\u00e8gne l\u2019\u00e2me la plus authentique de Padoue.<\/p>\n\n\n\n<h2 class=\"wp-block-heading\">Un march\u00e9 vivant, ouvert tous les jours<\/h2>\n\n\n\n<p>Le march\u00e9 couvert du Salone est ouvert&nbsp;<strong>du lundi au samedi<\/strong>, avec des \u00e9tals, des boutiques historiques, des boucheries, des fromageries et des \u00e9piceries fines qui accueillent leurs clients depuis des g\u00e9n\u00e9rations. Chaque commerce raconte une histoire, souvent transmise de p\u00e8re en fils, o\u00f9 tradition et qualit\u00e9 vont de pair.<\/p>\n\n\n\n<ul class=\"wp-block-list\">\n<li><strong>Charcuteries et fromages locaux<\/strong>, comme le jambon DOP Veneto Berico-Euganeo ou le Morlacco del Grappa<\/li>\n\n\n\n<li><strong>Viandes s\u00e9lectionn\u00e9es<\/strong>&nbsp;provenant d\u2019exploitations locales<\/li>\n\n\n\n<li><strong>P\u00e2tes fra\u00eeches faites \u00e0 la main<\/strong>&nbsp;chaque jour<\/li>\n\n\n\n<li><strong>\u00c9pices, conserves et l\u00e9gumes en saumure<\/strong>&nbsp;artisanaux<\/li>\n\n\n\n<li><strong>Plats v\u00e9nitiens pr\u00eats \u00e0 d\u00e9guster<\/strong>&nbsp;sur place ou \u00e0 emporter<\/li>\n<\/ul>\n\n\n\n<h2 class=\"wp-block-heading\">Un d\u00e9jeuner rapide\u2026 et inoubliable<\/h2>\n\n\n\n<p>Une des exp\u00e9riences pr\u00e9f\u00e9r\u00e9es des voyageurs est de\u00a0<strong>manger directement au march\u00e9<\/strong>. De nombreux \u00e9tals proposent des plats pr\u00e9par\u00e9s: sandwichs garnis, boulettes de viande, morue \u00e0 la v\u00e9nitienne, salades fra\u00eeches et autres sp\u00e9cialit\u00e9s locales. Le tout accompagn\u00e9 d\u2019un \u00ab\u00a0<em><em><a href=\"https:\/\/www.zenomag.com\/post\/perch%C3%A9-in-veneto-si-dice-un-ombra-de-vin\" data-type=\"link\" data-id=\"https:\/\/www.zenomag.com\/post\/perch%C3%A9-in-veneto-si-dice-un-ombra-de-vin\" target=\"_blank\" rel=\"noreferrer noopener\">ombra de vin<\/a><\/em><\/em>\u00a0\u00bb \u2014 un verre de vin selon la tradition v\u00e9nitienne.<\/p>\n\n\n\n<h2 class=\"wp-block-heading\">Une atmosph\u00e8re authentique et populaire<\/h2>\n\n\n\n<p>Le Salone est bien plus qu\u2019un simple march\u00e9: c\u2019est un lieu de rencontre vivant et social. Les Padouans s\u2019y retrouvent pour discuter, faire leurs courses, boire un caf\u00e9 ou un ap\u00e9ritif. Vous serez immerg\u00e9 dans\u00a0<strong>les senteurs, les voix et les couleurs<\/strong>\u00a0les plus authentiques de la ville.<\/p>\n\n\n\n<h2 class=\"wp-block-heading\">Visite libre ou guid\u00e9e?<\/h2>\n\n\n\n<p>Vous pouvez d\u00e9couvrir le Salone&nbsp;<strong>en autonomie<\/strong>, en fl\u00e2nant entre les \u00e9tals, ou participer \u00e0 une&nbsp;<strong>visite guid\u00e9e<\/strong>&nbsp;(souvent propos\u00e9e par les offices de tourisme) qui comprend aussi les fresques du premier \u00e9tage du Palazzo della Ragione.<\/p>\n\n\n\n<h2 class=\"wp-block-heading\">\u00c0 deux pas de l\u2019H\u00f4tel Giotto<\/h2>\n\n\n\n<p>Situ\u00e9&nbsp;<strong>Piazza Pontecorvo 33<\/strong>, l\u2019<a href=\"https:\/\/hotelgiotto.com\/fr\/votre-hotel-au-centre-de-padoue\/\" data-type=\"page\" data-id=\"3701\">H\u00f4tel Giotto<\/a> est le point de d\u00e9part id\u00e9al pour rejoindre le Salone et visiter \u00e0 pied le centre historique de Padoue. En quelques minutes, vous serez au c\u0153ur de l\u2019action.<\/p>\n\n\n\n<ul class=\"wp-block-list\">\n<li>Chambres modernes et confortables<\/li>\n\n\n\n<li>Wi-Fi gratuit et climatisation<\/li>\n\n\n\n<li>Parking priv\u00e9 disponible sur demande<\/li>\n\n\n\n<li>Emplacement central pour explorer la ville \u00e0 pied<\/li>\n<\/ul>\n\n\n\n<p><strong>R\u00e9servez votre s\u00e9jour \u00e0 l\u2019<a href=\"https:\/\/hotelgiotto.com\/fr\/\" target=\"_blank\" rel=\"noreferrer noopener\">H\u00f4tel Giotto<\/a><\/strong>&nbsp;et d\u00e9couvrez tout le charme du march\u00e9 couvert le plus embl\u00e9matique de Padoue. Une ville authentique, savoureuse et pleine de surprises vous attend.<\/p>\n","protected":false},"excerpt":{"rendered":"<p>Au c\u0153ur de Padoue, entre la Piazza delle Erbe et la Piazza della Frutta, se dresse l\u2019un des symboles les plus authentiques de la ville:\u00a0le Salone, le grand march\u00e9 couvert de Padoue couvert qui anime la vie quotidienne des Padouans depuis des si\u00e8cles. Pour les h\u00f4tes de l\u2019H\u00f4tel Giotto, la visite de ce lieu est [&hellip;]<\/p>\n","protected":false},"author":1,"featured_media":5003,"parent":0,"menu_order":0,"comment_status":"closed","ping_status":"closed","template":"","meta":{"_acf_changed":false,"footnotes":""},"class_list":["post-5141","page","type-page","status-publish","has-post-thumbnail","hentry"],"acf":[],"_links":{"self":[{"href":"https:\/\/hotelgiotto.com\/fr\/wp-json\/wp\/v2\/pages\/5141","targetHints":{"allow":["GET"]}}],"collection":[{"href":"https:\/\/hotelgiotto.com\/fr\/wp-json\/wp\/v2\/pages"}],"about":[{"href":"https:\/\/hotelgiotto.com\/fr\/wp-json\/wp\/v2\/types\/page"}],"author":[{"embeddable":true,"href":"https:\/\/hotelgiotto.com\/fr\/wp-json\/wp\/v2\/users\/1"}],"replies":[{"embeddable":true,"href":"https:\/\/hotelgiotto.com\/fr\/wp-json\/wp\/v2\/comments?post=5141"}],"version-history":[{"count":5,"href":"https:\/\/hotelgiotto.com\/fr\/wp-json\/wp\/v2\/pages\/5141\/revisions"}],"predecessor-version":[{"id":5270,"href":"https:\/\/hotelgiotto.com\/fr\/wp-json\/wp\/v2\/pages\/5141\/revisions\/5270"}],"wp:featuredmedia":[{"embeddable":true,"href":"https:\/\/hotelgiotto.com\/fr\/wp-json\/wp\/v2\/media\/5003"}],"wp:attachment":[{"href":"https:\/\/hotelgiotto.com\/fr\/wp-json\/wp\/v2\/media?parent=5141"}],"curies":[{"name":"wp","href":"https:\/\/api.w.org\/{rel}","templated":true}]}}