{"id":5153,"date":"2025-09-15T12:10:03","date_gmt":"2025-09-15T12:10:03","guid":{"rendered":"https:\/\/hotelgiotto.com\/?page_id=5153"},"modified":"2025-09-22T07:57:52","modified_gmt":"2025-09-22T07:57:52","slug":"les-villas-venitiennes-pres-de-padoue","status":"publish","type":"page","link":"https:\/\/hotelgiotto.com\/fr\/les-villas-venitiennes-pres-de-padoue\/","title":{"rendered":"Les villas v\u00e9nitiennes pr\u00e8s de Padoue: art, histoire et beaut\u00e9 \u00e0 quelques minutes du centre"},"content":{"rendered":"\n<p><strong>D\u00e9couvrez les plus charmantes demeures historiques de la V\u00e9n\u00e9tie \u00e0 deux pas de votre h\u00f4tel<\/strong><\/p>\n\n\n\n<p>Les&nbsp;<strong>villas v\u00e9nitiennes pr\u00e8s de Padoue<\/strong>&nbsp;constituent l\u2019un des tr\u00e9sors culturels et architecturaux les plus fascinants du nord de l\u2019Italie. Construites entre le XVIe et le XVIIIe si\u00e8cle comme r\u00e9sidences d\u2019\u00e9t\u00e9 pour les familles nobles de la R\u00e9publique de Venise, elles refl\u00e8tent un \u00e9quilibre parfait entre beaut\u00e9, fonctionnalit\u00e9 et harmonie avec le paysage environnant.<\/p>\n\n\n\n<p>En s\u00e9journant en plein c\u0153ur de la ville, \u00e0 l\u2019<strong>H\u00f4tel Giotto<\/strong>, vous pouvez facilement rejoindre certaines des plus belles villas v\u00e9nitiennes situ\u00e9es \u00e0 proximit\u00e9 de Padoue. Un itin\u00e9raire original, entre jardins \u00e0 l\u2019italienne, fresques somptueuses et r\u00e9cits de splendeur pass\u00e9e, vous attend.<\/p>\n\n\n\n<h3 class=\"wp-block-heading\">Villas v\u00e9nitiennes \u00e0 ne pas manquer pr\u00e8s de Padoue<\/h3>\n\n\n\n<h4 class=\"wp-block-heading\"><a href=\"https:\/\/www.villapisani.beniculturali.it\/?lng=en\" data-type=\"link\" data-id=\"https:\/\/www.villapisani.beniculturali.it\/?lng=en\" target=\"_blank\" rel=\"noopener\">Villa Pisani \u00e0 Stra <\/a>\u2013 La reine des villas v\u00e9nitiennes<\/h4>\n\n\n\n<ul class=\"wp-block-list\">\n<li>114 pi\u00e8ces d\u00e9cor\u00e9es et meubl\u00e9es d\u2019\u00e9poque<\/li>\n\n\n\n<li>Le c\u00e9l\u00e8bre salon orn\u00e9 de la fresque de Tiepolo<\/li>\n\n\n\n<li>Un des plus beaux labyrinthes v\u00e9g\u00e9taux d\u2019Europe<\/li>\n\n\n\n<li>Un parc de 11 hectares<\/li>\n<\/ul>\n\n\n\n<h4 class=\"wp-block-heading\">Villa Emo Capodilista \u00e0 Selvazzano Dentro \u2013 \u00c9l\u00e9gance Renaissance<\/h4>\n\n\n\n<ul class=\"wp-block-list\">\n<li>Fresques int\u00e9rieures attribu\u00e9es \u00e0 l\u2019\u00e9cole v\u00e9ronaise<\/li>\n\n\n\n<li>Vue sur les vignobles environnants<\/li>\n\n\n\n<li>Cadre id\u00e9al pour photos, \u00e9v\u00e9nements et d\u00e9gustations<\/li>\n<\/ul>\n\n\n\n<h4 class=\"wp-block-heading\">Villa Molin \u2013 Entre Padoue et Battaglia Terme<\/h4>\n\n\n\n<ul class=\"wp-block-list\">\n<li>Lignes classiques, portique ionique et harmonie palladienne<\/li>\n\n\n\n<li>Plafonds d\u00e9cor\u00e9s de sc\u00e8nes all\u00e9goriques et mythologiques<\/li>\n\n\n\n<li>Visites guid\u00e9es et lieu d\u2019\u00e9v\u00e9nements culturels<\/li>\n<\/ul>\n\n\n\n<h4 class=\"wp-block-heading\"><a href=\"https:\/\/www.villacontarini.eu\/\" target=\"_blank\" data-type=\"link\" data-id=\"https:\/\/www.villacontarini.eu\/\" rel=\"noreferrer noopener\">Villa Contarini<\/a> \u00e0 Piazzola sul Brenta \u2013 Imposante et spectaculaire<\/h4>\n\n\n\n<ul class=\"wp-block-list\">\n<li>Architecture baroque avec influences palladiennes<\/li>\n\n\n\n<li>Grands salons, galeries et auditorium historique<\/li>\n\n\n\n<li>Concerts et spectacles organis\u00e9s toute l\u2019ann\u00e9e<\/li>\n<\/ul>\n\n\n\n<h3 class=\"wp-block-heading\">Comment visiter les villas : conseils pratiques<\/h3>\n\n\n\n<p>Toutes ces&nbsp;<strong>villas v\u00e9nitiennes pr\u00e8s de Padoue<\/strong>&nbsp;sont accessibles en voiture en moins de 30 minutes depuis le centre-ville. Certaines sont desservies par les bus. La plupart proposent des visites guid\u00e9es, des \u00e9v\u00e9nements gastronomiques ou des ouvertures exceptionnelles le week-end. Les amateurs de v\u00e9lo peuvent emprunter les pistes cyclables de la Riviera del Brenta ou des Collines Eugan\u00e9ennes.<\/p>\n\n\n\n<h3 class=\"wp-block-heading\">Pourquoi choisir l\u2019H\u00f4tel Giotto pour d\u00e9couvrir les villas v\u00e9nitiennes<\/h3>\n\n\n\n<ul class=\"wp-block-list\">\n<li>Chambres confortables et bien \u00e9quip\u00e9es<\/li>\n\n\n\n<li>Parking priv\u00e9 disponible sur demande<\/li>\n\n\n\n<li>Emplacement id\u00e9al pour se d\u00e9placer sans voiture<\/li>\n\n\n\n<li>Personnel disponible pour organiser des itin\u00e9raires personnalis\u00e9s<\/li>\n<\/ul>\n\n\n\n<h3 class=\"wp-block-heading\">D\u00e9couvrez le charme authentique des villas v\u00e9nitiennes pr\u00e8s de Padoue<\/h3>\n\n\n\n<p>Les villas v\u00e9nitiennes pr\u00e8s de Padoue offrent un voyage dans le pass\u00e9 raffin\u00e9 de la r\u00e9gion, tout en ravissant les amateurs de paysages ruraux, d\u2019histoire de l\u2019art et de tranquillit\u00e9. S\u00e9journez \u00e0 l\u2019<a href=\"https:\/\/hotelgiotto.com\/fr\/votre-hotel-au-centre-de-padoue\/\" data-type=\"page\" data-id=\"3701\">H\u00f4tel Giotto<\/a> pour profiter de tout cela dans un confort absolu.<\/p>\n\n\n\n<p><\/p>\n","protected":false},"excerpt":{"rendered":"<p>D\u00e9couvrez les plus charmantes demeures historiques de la V\u00e9n\u00e9tie \u00e0 deux pas de votre h\u00f4tel Les&nbsp;villas v\u00e9nitiennes pr\u00e8s de Padoue&nbsp;constituent l\u2019un des tr\u00e9sors culturels et architecturaux les plus fascinants du nord de l\u2019Italie. Construites entre le XVIe et le XVIIIe si\u00e8cle comme r\u00e9sidences d\u2019\u00e9t\u00e9 pour les familles nobles de la R\u00e9publique de Venise, elles refl\u00e8tent [&hellip;]<\/p>\n","protected":false},"author":1,"featured_media":5012,"parent":0,"menu_order":0,"comment_status":"closed","ping_status":"closed","template":"","meta":{"_acf_changed":false,"footnotes":""},"class_list":["post-5153","page","type-page","status-publish","has-post-thumbnail","hentry"],"acf":[],"_links":{"self":[{"href":"https:\/\/hotelgiotto.com\/fr\/wp-json\/wp\/v2\/pages\/5153","targetHints":{"allow":["GET"]}}],"collection":[{"href":"https:\/\/hotelgiotto.com\/fr\/wp-json\/wp\/v2\/pages"}],"about":[{"href":"https:\/\/hotelgiotto.com\/fr\/wp-json\/wp\/v2\/types\/page"}],"author":[{"embeddable":true,"href":"https:\/\/hotelgiotto.com\/fr\/wp-json\/wp\/v2\/users\/1"}],"replies":[{"embeddable":true,"href":"https:\/\/hotelgiotto.com\/fr\/wp-json\/wp\/v2\/comments?post=5153"}],"version-history":[{"count":2,"href":"https:\/\/hotelgiotto.com\/fr\/wp-json\/wp\/v2\/pages\/5153\/revisions"}],"predecessor-version":[{"id":5273,"href":"https:\/\/hotelgiotto.com\/fr\/wp-json\/wp\/v2\/pages\/5153\/revisions\/5273"}],"wp:featuredmedia":[{"embeddable":true,"href":"https:\/\/hotelgiotto.com\/fr\/wp-json\/wp\/v2\/media\/5012"}],"wp:attachment":[{"href":"https:\/\/hotelgiotto.com\/fr\/wp-json\/wp\/v2\/media?parent=5153"}],"curies":[{"name":"wp","href":"https:\/\/api.w.org\/{rel}","templated":true}]}}